{"id":193,"date":"2018-11-12T14:44:02","date_gmt":"2018-11-12T14:44:02","guid":{"rendered":"https:\/\/nmszistersdorf.ac.at\/?page_id=193"},"modified":"2025-04-24T16:12:19","modified_gmt":"2025-04-24T16:12:19","slug":"angebote","status":"publish","type":"page","link":"https:\/\/nmszistersdorf.ac.at\/?page_id=193","title":{"rendered":"Angebote"},"content":{"rendered":"<table style=\"width: 101.96%; height: 1023px; border-collapse: collapse;\" border=\"1\">\n<tbody>\n<tr style=\"height: 43px;\">\n<td style=\"width: 51.93%; height: 43px; text-align: right;\"><\/td>\n<td style=\"width: 50.01%; height: 43px;\"><strong>Bibliothek<\/strong><br \/>\nDienstag und Freitag<br \/>\nvon 09:45 &#8211; 10:00<\/td>\n<\/tr>\n<tr style=\"height: 168px;\">\n<td style=\"width: 51.93%; height: 168px; text-align: right;\"><strong>Lesepaten<\/strong><br \/>\nFreiwillige MitarbeiterInnen des Roten Kreuzes Zistersdorf f\u00f6rdern die Lesekompetenz der Sch\u00fcler und Sch\u00fclerinnen durch unterst\u00fctzendes Lesetraining einmal pro Woche.<\/td>\n<td style=\"width: 50.01%; height: 168px; text-align: left;\"><strong>\u00a0<\/strong><\/td>\n<\/tr>\n<tr style=\"height: 137px;\">\n<td style=\"width: 51.93%; height: 137px;\"><b>\u00a0\u00a0<\/b><\/td>\n<td style=\"width: 50.01%; height: 137px;\"><strong>Exkursionen<\/strong><br \/>\nZahlreiche Exkursionen bereichern unseren schulischen Alltag und bieten Einblicke in diverse Strukturen und Abl\u00e4ufe anderer Organisationen.<\/td>\n<\/tr>\n<tr style=\"height: 137px;\">\n<td style=\"width: 51.93%; height: 137px; text-align: right;\"><strong>Wandertage<br \/>\n<\/strong>2-3 mal pro Jahr finden Wandertage in die umliegenden Gemeinden statt.<\/td>\n<td style=\"width: 50.01%; height: 137px;\"><b>\u00a0<\/b><\/td>\n<\/tr>\n<tr style=\"height: 137px;\">\n<td style=\"width: 51.93%; height: 137px;\"><\/td>\n<td style=\"width: 50.01%; height: 137px;\"><strong>Kennenlerntage &#8211; 1. Klasse<\/strong><br \/>\nUm den Einstieg in die neue Schule leicht zu machen, finden im September die Kennenlerntage der 1. Klassen statt. Im Mittelpunkt dieser Tage steht die F\u00f6rderung der sozialen Kompetenzen.<\/td>\n<\/tr>\n<tr style=\"height: 198px;\">\n<td style=\"width: 51.93%; height: 198px; text-align: right;\"><strong>Skikurs &#8211; 2. und 3. Klasse<br \/>\n<\/strong>Im Winter geht es f\u00fcr die 2. Klassen nach Wagrain und f\u00fcr die 3. Klassen nach Schladming, zum Skifahren und Snowboarden.<img fetchpriority=\"high\" decoding=\"async\" class=\"wp-image-201 size-medium alignright\" style=\"background-color: transparent; box-sizing: border-box; color: #303030; font-family: Verdana,Arial,Helvetica,sans-serif; font-size: 17.93px; font-style: normal; font-variant: normal; font-weight: bold; height: 169px; letter-spacing: normal; max-width: 381.98px; orphans: 2; text-align: left; text-decoration: none; text-indent: 0px; text-transform: none; -webkit-text-stroke-width: 0px; white-space: normal; word-spacing: 0px;\" src=\"https:\/\/nmszistersdorf.ac.at\/wp-content\/uploads\/2018\/11\/skikurs-300x169.jpg\" alt=\"\" width=\"300\" height=\"169\" srcset=\"https:\/\/nmszistersdorf.ac.at\/wp-content\/uploads\/2018\/11\/skikurs-300x169.jpg 300w, https:\/\/nmszistersdorf.ac.at\/wp-content\/uploads\/2018\/11\/skikurs.jpg 622w\" sizes=\"(max-width: 300px) 100vw, 300px\" \/><\/td>\n<td style=\"width: 50.01%; height: 198px;\"><\/td>\n<\/tr>\n<tr style=\"height: 43px;\">\n<td style=\"width: 51.93%; height: 43px;\"><strong>\u00a0<\/strong><\/td>\n<td style=\"width: 50.01%; height: 43px;\"><strong>Sprachreise \/ Homeschool Week &#8211; 4. Klasse<\/strong><\/td>\n<\/tr>\n<tr style=\"height: 43px;\">\n<td style=\"width: 51.93%; height: 43px; text-align: right;\"><strong>Abschlusstage &#8211; 4. Klassen<\/strong><br \/>\nDie Abschlusstage in den vierten Klassen bieten den Sch\u00fclerInnen die M\u00f6glichkeit, auf eine sch\u00f6ne Schulzeit zur\u00fcck zu blicken.<\/td>\n<td style=\"width: 50.01%; height: 43px;\"><\/td>\n<\/tr>\n<tr style=\"height: 43px;\">\n<td style=\"width: 51.93%; height: 43px;\"><\/td>\n<td style=\"width: 50.01%; height: 43px;\"><strong>Theater der Jugend<br \/>\n<\/strong><br \/>\n<b><img decoding=\"async\" class=\"alignnone  wp-image-335\" src=\"https:\/\/nmszistersdorf.ac.at\/wp-content\/uploads\/2018\/11\/theater-1.jpg\" alt=\"\" width=\"289\" height=\"162\" srcset=\"https:\/\/nmszistersdorf.ac.at\/wp-content\/uploads\/2018\/11\/theater-1.jpg 4160w, https:\/\/nmszistersdorf.ac.at\/wp-content\/uploads\/2018\/11\/theater-1-300x168.jpg 300w, https:\/\/nmszistersdorf.ac.at\/wp-content\/uploads\/2018\/11\/theater-1-768x431.jpg 768w, https:\/\/nmszistersdorf.ac.at\/wp-content\/uploads\/2018\/11\/theater-1-1024x575.jpg 1024w\" sizes=\"(max-width: 289px) 100vw, 289px\" \/><\/b><\/td>\n<\/tr>\n<\/tbody>\n<\/table>\n","protected":false},"excerpt":{"rendered":"<p>Bibliothek Dienstag und Freitag von 09:45 &#8211; 10:00 Lesepaten Freiwillige MitarbeiterInnen des Roten Kreuzes Zistersdorf f\u00f6rdern die Lesekompetenz der Sch\u00fcler und Sch\u00fclerinnen durch unterst\u00fctzendes Lesetraining einmal pro Woche. \u00a0 \u00a0\u00a0 [&#8230;]<\/p>\n","protected":false},"author":2,"featured_media":0,"parent":0,"menu_order":0,"comment_status":"closed","ping_status":"closed","template":"","meta":{"footnotes":""},"class_list":["post-193","page","type-page","status-publish","hentry"],"_links":{"self":[{"href":"https:\/\/nmszistersdorf.ac.at\/index.php?rest_route=\/wp\/v2\/pages\/193","targetHints":{"allow":["GET"]}}],"collection":[{"href":"https:\/\/nmszistersdorf.ac.at\/index.php?rest_route=\/wp\/v2\/pages"}],"about":[{"href":"https:\/\/nmszistersdorf.ac.at\/index.php?rest_route=\/wp\/v2\/types\/page"}],"author":[{"embeddable":true,"href":"https:\/\/nmszistersdorf.ac.at\/index.php?rest_route=\/wp\/v2\/users\/2"}],"replies":[{"embeddable":true,"href":"https:\/\/nmszistersdorf.ac.at\/index.php?rest_route=%2Fwp%2Fv2%2Fcomments&post=193"}],"version-history":[{"count":11,"href":"https:\/\/nmszistersdorf.ac.at\/index.php?rest_route=\/wp\/v2\/pages\/193\/revisions"}],"predecessor-version":[{"id":1561,"href":"https:\/\/nmszistersdorf.ac.at\/index.php?rest_route=\/wp\/v2\/pages\/193\/revisions\/1561"}],"wp:attachment":[{"href":"https:\/\/nmszistersdorf.ac.at\/index.php?rest_route=%2Fwp%2Fv2%2Fmedia&parent=193"}],"curies":[{"name":"wp","href":"https:\/\/api.w.org\/{rel}","templated":true}]}}