{"id":775,"date":"2020-10-23T08:59:57","date_gmt":"2020-10-23T08:59:57","guid":{"rendered":"https:\/\/nmszistersdorf.ac.at\/?page_id=775"},"modified":"2020-10-23T09:53:11","modified_gmt":"2020-10-23T09:53:11","slug":"vorstellungsvideo","status":"publish","type":"page","link":"https:\/\/nmszistersdorf.ac.at\/?page_id=775","title":{"rendered":"Vorstellungsvideo"},"content":{"rendered":"\n<p>Mit einem Teaservideo aus dem Jahr 2016 soll allen Interessierten ein kleiner Einblick in den Schulalltag an der N\u00f6MS Zistersdorf gew\u00e4hrt werden. Die Sch\u00fclerinnen und Sch\u00fcler nehmen die Zuseher*innen dabei mit in einen Schultag und teilen ihre Erfahrungen aus unterschiedliche Unterrichtsgegenst\u00e4nden. <\/p>\n\n\n\n<p><\/p>\n\n\n\n<figure class=\"wp-block-image\"><img fetchpriority=\"high\" decoding=\"async\" width=\"1024\" height=\"578\" src=\"https:\/\/nmszistersdorf.ac.at\/wp-content\/uploads\/2020\/10\/image-1024x578.png\" alt=\"\" class=\"wp-image-776\" srcset=\"https:\/\/nmszistersdorf.ac.at\/wp-content\/uploads\/2020\/10\/image-1024x578.png 1024w, https:\/\/nmszistersdorf.ac.at\/wp-content\/uploads\/2020\/10\/image-300x169.png 300w, https:\/\/nmszistersdorf.ac.at\/wp-content\/uploads\/2020\/10\/image-768x434.png 768w, https:\/\/nmszistersdorf.ac.at\/wp-content\/uploads\/2020\/10\/image.png 1280w\" sizes=\"(max-width: 1024px) 100vw, 1024px\" \/><\/figure>\n\n\n\n<p><br><br>Link zum Video: <a href=\"https:\/\/www.youtube.com\/watch?v=by2x1f2J2Fw\">https:\/\/www.youtube.com\/watch?v=by2x1f2J2Fw<\/a><\/p>\n","protected":false},"excerpt":{"rendered":"<p>Mit einem Teaservideo aus dem Jahr 2016 soll allen Interessierten ein kleiner Einblick in den Schulalltag an der N\u00f6MS Zistersdorf gew\u00e4hrt werden. Die Sch\u00fclerinnen und Sch\u00fcler nehmen die Zuseher*innen dabei [&#8230;]<\/p>\n","protected":false},"author":5,"featured_media":0,"parent":150,"menu_order":1,"comment_status":"closed","ping_status":"closed","template":"","meta":{"footnotes":""},"class_list":["post-775","page","type-page","status-publish","hentry"],"_links":{"self":[{"href":"https:\/\/nmszistersdorf.ac.at\/index.php?rest_route=\/wp\/v2\/pages\/775","targetHints":{"allow":["GET"]}}],"collection":[{"href":"https:\/\/nmszistersdorf.ac.at\/index.php?rest_route=\/wp\/v2\/pages"}],"about":[{"href":"https:\/\/nmszistersdorf.ac.at\/index.php?rest_route=\/wp\/v2\/types\/page"}],"author":[{"embeddable":true,"href":"https:\/\/nmszistersdorf.ac.at\/index.php?rest_route=\/wp\/v2\/users\/5"}],"replies":[{"embeddable":true,"href":"https:\/\/nmszistersdorf.ac.at\/index.php?rest_route=%2Fwp%2Fv2%2Fcomments&post=775"}],"version-history":[{"count":6,"href":"https:\/\/nmszistersdorf.ac.at\/index.php?rest_route=\/wp\/v2\/pages\/775\/revisions"}],"predecessor-version":[{"id":785,"href":"https:\/\/nmszistersdorf.ac.at\/index.php?rest_route=\/wp\/v2\/pages\/775\/revisions\/785"}],"up":[{"embeddable":true,"href":"https:\/\/nmszistersdorf.ac.at\/index.php?rest_route=\/wp\/v2\/pages\/150"}],"wp:attachment":[{"href":"https:\/\/nmszistersdorf.ac.at\/index.php?rest_route=%2Fwp%2Fv2%2Fmedia&parent=775"}],"curies":[{"name":"wp","href":"https:\/\/api.w.org\/{rel}","templated":true}]}}